{"id":116,"date":"2021-12-08T15:23:58","date_gmt":"2021-12-08T14:23:58","guid":{"rendered":"https:\/\/www.czapski.cz\/?page_id=116"},"modified":"2021-12-22T14:09:54","modified_gmt":"2021-12-22T13:09:54","slug":"life","status":"publish","type":"page","link":"https:\/\/www.czapski.cz\/index.php\/en\/life\/","title":{"rendered":"Life"},"content":{"rendered":"\n<h3 class=\"wp-block-heading\">\u0160\u00edma, Orwell, Camus, Malraux, de Gaulle, Mauriac, Maritain, Misia Sert, Picasso, Nabokov, Lesier\u2026 these are just some of the names associated with the personality of the Polish painter Jozef Czapski, who spent more than fifty years of his life in France, thirteen years in free Poland, and who was born in Prague.<\/h3>\n\n\n\n<p>He was a Polish painter, illustrator, writer, essayist, critic, soldier, and survivor of internment in the Soviet camps in 1941.<\/p>\n\n\n\n<p>He was born in Prague in 1896, and he died in 1993 in Le Mesnil-le-Roi, France, and was also buried there in the local cemetery.<\/p>\n\n\n\n<p>He spent his childhood on the family estate in today\u2019s Belarus, which was at that time (1896\u20131918) divided Polish territory under Russian occupation. His father was Polish, his mother Austrian. He came from a family of counts, but he never used his noble title.<\/p>\n\n\n\n<p>He was educated in Russian schools in St Petersburg and studied at the Faculty of Law. After the Bolshevik Revolution he settled in liberated Poland, living in Warsaw and Krakow, for his family\u2019s estates were stolen by the Bolsheviks. He also lost his family seat in Przy\u0142uki as a result.<\/p>\n\n\n\n<p>He also studied briefly at the Academy of Fine Arts in Warsaw, then from 1921 he continued his education in Krakow in the studio of Professor J\u00f3zef Pankiewicz, who also spent a long time in France and was a friend of Pierre Bonnard.<\/p>\n\n\n\n<figure class=\"wp-block-image size-large is-style-default\"><img loading=\"lazy\" decoding=\"async\" width=\"1024\" height=\"783\" src=\"https:\/\/www.czapski.cz\/wp-content\/uploads\/2021\/12\/08-rkps-002414-6001-1024x783.jpg\" alt=\"\" class=\"wp-image-255\" srcset=\"https:\/\/www.czapski.cz\/wp-content\/uploads\/2021\/12\/08-rkps-002414-6001-1024x783.jpg 1024w, https:\/\/www.czapski.cz\/wp-content\/uploads\/2021\/12\/08-rkps-002414-6001-300x229.jpg 300w, https:\/\/www.czapski.cz\/wp-content\/uploads\/2021\/12\/08-rkps-002414-6001-768x587.jpg 768w, https:\/\/www.czapski.cz\/wp-content\/uploads\/2021\/12\/08-rkps-002414-6001-1536x1175.jpg 1536w, https:\/\/www.czapski.cz\/wp-content\/uploads\/2021\/12\/08-rkps-002414-6001-2048x1567.jpg 2048w, https:\/\/www.czapski.cz\/wp-content\/uploads\/2021\/12\/08-rkps-002414-6001-1568x1199.jpg 1568w\" sizes=\"auto, (max-width: 1024px) 100vw, 1024px\" \/><figcaption>Komitet Paryski (the Kapists): J\u00f3zef Czapski (second from the left in the middle row), J\u00f3zef Jarema, Seweryn Boraczok, Tadeusz P. Potworowski, Jacek Puget, Zygmunt Waliszewski, Artur Nacht-Samborski, Jan Cybis, Hanna Rudzka Cybisowa, Tytus Czy\u017cewski. Krakow, 1923-1924. Photopaper, 12,6\u00d716,5 cm, no. inv. MNK VIII-rkps.2414\/5.<\/figcaption><\/figure>\n\n\n\n<p>In 1923, Czapski and his friends founded an art group called Kapi\u015bci (the Kapists), and in 1924 he went to Paris with them, visiting art galleries, attending Russian ballets, and devouring new artistic trends, but also working as an illustrator for fashion magazines. He met many important intellectuals during this time, such as Andr\u00e9 Malraux, Fran\u00e7ois Mauriac, and Jacques Maritain. He discovered the work of Marcel Proust. He presented his paintings for the first time in a Kapist group exhibition at the Zak Gallery in Paris. He regularly visited Misia Sert in her flat on the Rue Constantine. She was the muse of Renoir, Henri de Toulouse-Lautrec, F\u00e9lix Vallotton, Pierre Bonnard, and \u00c9douard Vuillard, but also an inspiration for many writers such as Proust, Cocteau, Mallarm\u00e9, and Apollinaire. She was also a friend of the composers Claude Debussy, Maurice Ravel, Igor Stravinsky, and Karol Szymanowski and she decided to help the Kapists. Thanks to her, Czapski became acquainted with prominent cultural figures such as Jean Cocteau, Sergei Diaghilev and his dancers Nijinsky, Balanchine, and Lifar. His close friend Daniel Hal\u00e9vy would tell him stories about Degas.<\/p>\n\n\n\n<p>Between 1924 and 1925, the Polish painter often stayed in France, but after the Second World War, when he managed to escape from the Soviet camps, he was unable to return to Poland, which had become Communist. His name was on the list of undesirables.<\/p>\n\n\n\n<p>He stayed in France and settled first in Paris and later in Maisons-Laffitte, at 1 Avenue Corneille, before moving permanently in 1954 to house number 91 in Avenue de Poissy in Le Mesnil-le-Roi \u2013 also the location of the Instytut Literacki publishing house, which operated from exile.<\/p>\n\n\n\n<figure class=\"wp-block-image size-large is-style-default\"><img loading=\"lazy\" decoding=\"async\" width=\"1024\" height=\"644\" src=\"https:\/\/www.czapski.cz\/wp-content\/uploads\/2021\/12\/08-rkps-002414-7001-1024x644.jpg\" alt=\"\" class=\"wp-image-256\" srcset=\"https:\/\/www.czapski.cz\/wp-content\/uploads\/2021\/12\/08-rkps-002414-7001-1024x644.jpg 1024w, https:\/\/www.czapski.cz\/wp-content\/uploads\/2021\/12\/08-rkps-002414-7001-300x189.jpg 300w, https:\/\/www.czapski.cz\/wp-content\/uploads\/2021\/12\/08-rkps-002414-7001-768x483.jpg 768w, https:\/\/www.czapski.cz\/wp-content\/uploads\/2021\/12\/08-rkps-002414-7001-1536x966.jpg 1536w, https:\/\/www.czapski.cz\/wp-content\/uploads\/2021\/12\/08-rkps-002414-7001-2048x1288.jpg 2048w, https:\/\/www.czapski.cz\/wp-content\/uploads\/2021\/12\/08-rkps-002414-7001-1568x986.jpg 1568w\" sizes=\"auto, (max-width: 1024px) 100vw, 1024px\" \/><figcaption> Jan Cybis, J\u00f3zef Czapski, Hanka Rudzka (later on Cybisowa), Dorota (Dosia) Berlinerblau-Seydenmannowa, Artur Nacht-Samborski, Maria Czapska. Paris, 1925. Photopaper, 8\u00d713,1 cm, nr. inv. MNK VIII-rkps.2414\/7<\/figcaption><\/figure>\n\n\n\n<p>His small bedroom at no. 91 doubled as his studio. He was fascinated by the paintings of C\u00e9zanne and van Gogh, and he loved Pierre Bonnard. He considered Cha\u00efm Soutine, Nicolas de St\u00e4el, and Max Beckmann the masters of artistic expression. But he also appreciated many others. The list would be too long.<\/p>\n\n\n\n<p>For more than fifty years he walked the streets of France, sketching and painting. He observed the daily life of Paris. In his paintings we can see the Salle de Pleyell, theatres (such as the Odeon), but also actors and actresses he knew and who commissioned paintings from him \u2013 for example Madeleine Renaud or Pierre Viallet\u2026 Drawings have been preserved of Michael Lonsdale, whom he saw in a production of Witkacy\u2019s <em>Mother<\/em>. His notebooks, of which more than 270 have survived in the archive, include portraits of George Orwell, Edith Piaf, General Charles de Gaulle, Val\u00e9ry Giscard d\u2019Estaing, Andr\u00e9 Malraux, and many other world-famous figures.<\/p>\n\n\n\n<p>He met Andr\u00e9 Malraux in the 1930s at Daniel Hal\u00e9vy\u2019s. The author of <em>La Condition humaine <\/em>(The Human Condition) bought Czapski\u2019s paintings after the war, when he was Minister of Culture. Thanks to him, the Polish artist got to know a number of French diplomats and government officials who helped Poles when the Communists came to power in their country after the Second World War.<\/p>\n\n\n\n<p>Czapski\u2019s paintings and drawings can be found in many private and public collections in the Czech Republic, Great Britain, Poland, France, Switzerland, Canada, Japan, the United States, Belgium, Germany, and in South America.<\/p>\n\n\n\n<p>Let us highlight here the private collection of Gilles de Boisgelin, which includes more than twenty-three works of art, and can still be seen today in the beautiful Kurozw\u0119ki Palace. This French diplomat married a Polish woman, Jolanta n\u00e9e Wa\u0144kowicz, the daughter of a Polish diplomat. It was thanks to his friendship with Czapski that he entertained many Poles in his home and also supported them.<\/p>\n\n\n\n<p>Let us explore bars, caf\u00e9s, restaurants, and concert halls through Czapski\u2019s paintings; let us see various places through his eyes. He was sensitive to the plights of people and often stopped in unusual corners of the city to capture the life of the poor and destitute, the life of the street\u2026 He was captivated by the faces of old women, in whom he saw the hardship of life.<\/p>\n\n\n\n<p>Following C\u00e9zanne, he liked to paint the nature that surrounded him. In his paintings he depicted seascapes on the shore, fields, country roads, but also animals. Like his master Paul C\u00e9zanne, he would immerse himself, and lose himself, in nature.<\/p>\n\n\n\n<p>He was fascinated by Dutch painting and honed his still-life skills, which in turn helped craftsmanship; he worked on the hand-and-eye connection, waiting for inspiration, a vision&#8230;<\/p>\n\n\n\n<p><sup>Texts by El\u017cbieta Skoczek <\/sup> <\/p>\n","protected":false},"excerpt":{"rendered":"<p>\u0160\u00edma, Orwell, Camus, Malraux, de Gaulle, Mauriac, Maritain, Misia Sert, Picasso, Nabokov, Lesier\u2026 these are just some of the names associated with the personality of the Polish painter Jozef Czapski, who spent more than fifty years of his life in France, thirteen years in free Poland, and who was born in Prague. He was a&hellip; <a class=\"more-link\" href=\"https:\/\/www.czapski.cz\/index.php\/en\/life\/\">Pokra\u010dovat ve\u00a0\u010dten\u00ed <span class=\"screen-reader-text\">Life<\/span><\/a><\/p>\n","protected":false},"author":1,"featured_media":0,"parent":0,"menu_order":0,"comment_status":"closed","ping_status":"closed","template":"","meta":{"footnotes":""},"class_list":["post-116","page","type-page","status-publish","hentry","entry"],"_links":{"self":[{"href":"https:\/\/www.czapski.cz\/index.php\/wp-json\/wp\/v2\/pages\/116","targetHints":{"allow":["GET"]}}],"collection":[{"href":"https:\/\/www.czapski.cz\/index.php\/wp-json\/wp\/v2\/pages"}],"about":[{"href":"https:\/\/www.czapski.cz\/index.php\/wp-json\/wp\/v2\/types\/page"}],"author":[{"embeddable":true,"href":"https:\/\/www.czapski.cz\/index.php\/wp-json\/wp\/v2\/users\/1"}],"replies":[{"embeddable":true,"href":"https:\/\/www.czapski.cz\/index.php\/wp-json\/wp\/v2\/comments?post=116"}],"version-history":[{"count":10,"href":"https:\/\/www.czapski.cz\/index.php\/wp-json\/wp\/v2\/pages\/116\/revisions"}],"predecessor-version":[{"id":327,"href":"https:\/\/www.czapski.cz\/index.php\/wp-json\/wp\/v2\/pages\/116\/revisions\/327"}],"wp:attachment":[{"href":"https:\/\/www.czapski.cz\/index.php\/wp-json\/wp\/v2\/media?parent=116"}],"curies":[{"name":"wp","href":"https:\/\/api.w.org\/{rel}","templated":true}]}}