{"id":80,"date":"2021-12-06T12:00:18","date_gmt":"2021-12-06T11:00:18","guid":{"rendered":"https:\/\/www.czapski.cz\/index.php\/jozef-czapski-prazsky-rodak-malir-a-spisovatel-english-2\/"},"modified":"2024-01-15T11:18:32","modified_gmt":"2024-01-15T10:18:32","slug":"jozef-czapski-a-native-of-prague-polish-painter-and-writer","status":"publish","type":"page","link":"https:\/\/www.czapski.cz\/index.php\/en\/jozef-czapski-a-native-of-prague-polish-painter-and-writer\/","title":{"rendered":"J\u00f3zef Czapski: A native of Prague, Polish painter and writer"},"content":{"rendered":"\n<div class=\"wp-block-group alignwide\"><div class=\"wp-block-group__inner-container is-layout-flow wp-block-group-is-layout-flow\">\n<h3 class=\"wp-block-heading has-text-align-center\">\u0160\u00edma, Orwell, Camus, Malraux, de Gaulle, Mauriac, Maritain, Misia Sert, Picasso, Nabokov, Lesier\u2026 these are just some of the names associated with the personality of the Polish painter Jozef Czapski, who spent more than fifty years of his life in France, thirteen years in free Poland, and who was born in Prague.<\/h3>\n\n\n\n<p>Jozef Czapski was a Polish painter, illustrator, writer, essayist, critic, soldier, and survivor of internment in the Soviet camps in 1941.<\/p>\n\n\n\n<p>He was born in Prague in 1896, and he died in 1993 in Le Mesnil-le-Roi, France, and was also buried there in the local cemetery.<\/p>\n\n\n\n<p>Czapski spent his childhood on the family estate in today\u2019s Belarus, which was at that time (1896\u20131918) divided Polish territory under Russian occupation. His father was Polish, his mother Austrian. He came from a family of counts, but he never used his noble title.<\/p>\n\n\n\n<p>He was educated in Russian schools in St Petersburg and studied at the Faculty of Law. After the Bolshevik Revolution he settled in liberated Poland, living in Warsaw and Krakow, for his family\u2019s estates were stolen by the Bolsheviks. He also lost his family seat in Przy\u0142uki as a result.<\/p>\n\n\n\n<p>Czapski also studied briefly at the Academy of Fine Arts in Warsaw, then from 1921 he continued his education in Krakow in the studio of Professor J\u00f3zef Pankiewicz, who also spent a long time in France and was a friend of Pierre Bonnard.<\/p>\n\n\n\n<p>Between 1924 and 1925, the Polish painter often stayed in France, but after the Second World War, when he managed to escape from the Soviet camps, he was unable to return to Poland, which had become Communist. His name was on the list of undesirables.<\/p>\n<\/div><\/div>\n\n\n\n<figure class=\"wp-block-image size-large is-style-default\"><img loading=\"lazy\" decoding=\"async\" width=\"1024\" height=\"834\" src=\"https:\/\/www.czapski.cz\/wp-content\/uploads\/2021\/12\/czapski-2-1-1024x834.jpg\" alt=\"\" class=\"wp-image-57\" srcset=\"https:\/\/www.czapski.cz\/wp-content\/uploads\/2021\/12\/czapski-2-1-1024x834.jpg 1024w, https:\/\/www.czapski.cz\/wp-content\/uploads\/2021\/12\/czapski-2-1-300x244.jpg 300w, https:\/\/www.czapski.cz\/wp-content\/uploads\/2021\/12\/czapski-2-1-768x625.jpg 768w, https:\/\/www.czapski.cz\/wp-content\/uploads\/2021\/12\/czapski-2-1-1536x1251.jpg 1536w, https:\/\/www.czapski.cz\/wp-content\/uploads\/2021\/12\/czapski-2-1-2048x1668.jpg 2048w, https:\/\/www.czapski.cz\/wp-content\/uploads\/2021\/12\/czapski-2-1-1568x1277.jpg 1568w\" sizes=\"auto, (max-width: 1024px) 100vw, 1024px\" \/><\/figure>\n\n\n\n<p>He stayed in France and settled first in Paris and later in Maisons-Laffitte, at 1 Avenue Corneille, before moving permanently in 1954 to house number 91 in Avenue de Poissy in Le Mesnil-le-Roi \u2013 also the location of the Instytut Literacki publishing house, which operated from exile.<\/p>\n\n\n\n<p>His small bedroom at no. 91 doubled as his studio. He was fascinated by the paintings of C\u00e9zanne and van Gogh, and he loved Pierre Bonnard. He considered Cha\u00efm Soutine, Nicolas de St\u00e4el, and Max Beckmann the masters of artistic expression. But he also appreciated many others. The list would be too long.<\/p>\n\n\n\n<p>For more than fifty years he walked the streets of France, sketching and painting. He observed the daily life of Paris. In his paintings we can see the Salle de Pleyell, theatres (such as the Odeon), but also actors and actresses he knew and who commissioned paintings from him \u2013 for example Madeleine Renaud or Pierre Viallet\u2026 Drawings have been preserved of Michael Lonsdale, whom he saw in a production of Witkacy\u2019s <em>Mother<\/em>. His notebooks, of which more than 270 have survived in the archive, include portraits of George Orwell, Edith Piaf, General Charles de Gaulle, Val\u00e9ry Giscard d\u2019Estaing, Andr\u00e9 Malraux, and many other world-famous figures. He met Andr\u00e9 Malraux in the 1930s at Daniel Hal\u00e9vy\u2019s. The author of <em>La Condition humaine <\/em>(The Human Condition) bought Czapski\u2019s paintings after the war, when he was Minister of Culture. Thanks to him, the Polish artist got to know a number of French diplomats and government officials who helped Poles when the Communists came to power in their country after the Second World War.<\/p>\n\n\n\n<p>Let us explore bars, caf\u00e9s, restaurants, and concert halls through Czapski\u2019s paintings; let us see various places through his eyes. He was sensitive to the plights of people and often stopped in unusual corners of the city to capture the life of the poor and destitute, the life of the street\u2026 He was captivated by the faces of old women, in whom he saw the hardship of life.<\/p>\n\n\n\n<p>Following C\u00e9zanne, he liked to paint the nature that surrounded him. In his paintings he depicted seascapes on the shore, fields, country roads, but also animals. Like his master Paul C\u00e9zanne, he would immerse himself, and lose himself, in nature.<\/p>\n\n\n\n<p>He was fascinated by Dutch painting and honed his still-life skills, which in turn helped craftsmanship; he worked on the hand-and-eye connection, waiting for inspiration, a vision&#8230;<\/p>\n\n\n\n<p><sup>Texts by El\u017cbieta Skoczek <\/sup>  <\/p>\n\n\n\n<figure class=\"wp-block-gallery alignwide has-nested-images columns-3 is-cropped wp-block-gallery-1 is-layout-flex wp-block-gallery-is-layout-flex\">\n<figure class=\"wp-block-image size-full\"><a href=\"https:\/\/www.czapski.cz\/wp-content\/uploads\/2021\/12\/P18_70412021-2.jpg\"><img loading=\"lazy\" decoding=\"async\" width=\"1581\" height=\"1000\" data-id=\"59\" src=\"https:\/\/www.czapski.cz\/wp-content\/uploads\/2021\/12\/P18_70412021-2.jpg\" alt=\"\" class=\"wp-image-59\" srcset=\"https:\/\/www.czapski.cz\/wp-content\/uploads\/2021\/12\/P18_70412021-2.jpg 1581w, https:\/\/www.czapski.cz\/wp-content\/uploads\/2021\/12\/P18_70412021-2-300x190.jpg 300w, https:\/\/www.czapski.cz\/wp-content\/uploads\/2021\/12\/P18_70412021-2-1024x648.jpg 1024w, https:\/\/www.czapski.cz\/wp-content\/uploads\/2021\/12\/P18_70412021-2-768x486.jpg 768w, https:\/\/www.czapski.cz\/wp-content\/uploads\/2021\/12\/P18_70412021-2-1536x972.jpg 1536w, https:\/\/www.czapski.cz\/wp-content\/uploads\/2021\/12\/P18_70412021-2-1568x992.jpg 1568w\" sizes=\"auto, (max-width: 1581px) 100vw, 1581px\" \/><\/a><figcaption class=\"wp-element-caption\">\u00a9Succession J\u00f3zef Czapski<\/figcaption><\/figure>\n\n\n\n<figure class=\"wp-block-image size-full\"><a href=\"https:\/\/www.czapski.cz\/wp-content\/uploads\/2021\/12\/P18_70212021.jpg\"><img loading=\"lazy\" decoding=\"async\" width=\"830\" height=\"1000\" data-id=\"67\" src=\"https:\/\/www.czapski.cz\/wp-content\/uploads\/2021\/12\/P18_70212021.jpg\" alt=\"\" class=\"wp-image-67\" srcset=\"https:\/\/www.czapski.cz\/wp-content\/uploads\/2021\/12\/P18_70212021.jpg 830w, https:\/\/www.czapski.cz\/wp-content\/uploads\/2021\/12\/P18_70212021-249x300.jpg 249w, https:\/\/www.czapski.cz\/wp-content\/uploads\/2021\/12\/P18_70212021-768x925.jpg 768w\" sizes=\"auto, (max-width: 830px) 100vw, 830px\" \/><\/a><figcaption class=\"wp-element-caption\">\u00a9Succession J\u00f3zef Czapski<\/figcaption><\/figure>\n\n\n\n<figure class=\"wp-block-image size-full\"><a href=\"https:\/\/www.czapski.cz\/wp-content\/uploads\/2021\/12\/P18_0005_211102.jpg\"><img loading=\"lazy\" decoding=\"async\" width=\"541\" height=\"1000\" data-id=\"62\" src=\"https:\/\/www.czapski.cz\/wp-content\/uploads\/2021\/12\/P18_0005_211102.jpg\" alt=\"\" class=\"wp-image-62\" srcset=\"https:\/\/www.czapski.cz\/wp-content\/uploads\/2021\/12\/P18_0005_211102.jpg 541w, https:\/\/www.czapski.cz\/wp-content\/uploads\/2021\/12\/P18_0005_211102-162x300.jpg 162w\" sizes=\"auto, (max-width: 541px) 100vw, 541px\" \/><\/a><figcaption class=\"wp-element-caption\">\u00a9Succession J\u00f3zef Czapski<\/figcaption><\/figure>\n\n\n\n<figure class=\"wp-block-image size-full\"><a href=\"https:\/\/www.czapski.cz\/wp-content\/uploads\/2021\/12\/P18_70022021.jpg\"><img loading=\"lazy\" decoding=\"async\" width=\"1355\" height=\"1000\" data-id=\"65\" src=\"https:\/\/www.czapski.cz\/wp-content\/uploads\/2021\/12\/P18_70022021.jpg\" alt=\"\" class=\"wp-image-65\" srcset=\"https:\/\/www.czapski.cz\/wp-content\/uploads\/2021\/12\/P18_70022021.jpg 1355w, https:\/\/www.czapski.cz\/wp-content\/uploads\/2021\/12\/P18_70022021-300x221.jpg 300w, https:\/\/www.czapski.cz\/wp-content\/uploads\/2021\/12\/P18_70022021-1024x756.jpg 1024w, https:\/\/www.czapski.cz\/wp-content\/uploads\/2021\/12\/P18_70022021-768x567.jpg 768w\" sizes=\"auto, (max-width: 1355px) 100vw, 1355px\" \/><\/a><figcaption class=\"wp-element-caption\">\u00a9Succession J\u00f3zef Czapski<\/figcaption><\/figure>\n\n\n\n<figure class=\"wp-block-image size-full\"><a href=\"https:\/\/www.czapski.cz\/wp-content\/uploads\/2021\/12\/P18_9998_211103_prawy.jpg\"><img loading=\"lazy\" decoding=\"async\" width=\"613\" height=\"1000\" data-id=\"64\" src=\"https:\/\/www.czapski.cz\/wp-content\/uploads\/2021\/12\/P18_9998_211103_prawy.jpg\" alt=\"\" class=\"wp-image-64\" srcset=\"https:\/\/www.czapski.cz\/wp-content\/uploads\/2021\/12\/P18_9998_211103_prawy.jpg 613w, https:\/\/www.czapski.cz\/wp-content\/uploads\/2021\/12\/P18_9998_211103_prawy-184x300.jpg 184w\" sizes=\"auto, (max-width: 613px) 100vw, 613px\" \/><\/a><figcaption class=\"wp-element-caption\">\u00a9Succession J\u00f3zef Czapski<\/figcaption><\/figure>\n<figcaption class=\"blocks-gallery-caption wp-element-caption\">\u00a9Succession J\u00f3zef Czapski<\/figcaption><\/figure>\n\n\n\n<p><\/p>\n","protected":false},"excerpt":{"rendered":"<p>\u0160\u00edma, Orwell, Camus, Malraux, de Gaulle, Mauriac, Maritain, Misia Sert, Picasso, Nabokov, Lesier\u2026 these are just some of the names associated with the personality of the Polish painter Jozef Czapski, who spent more than fifty years of his life in France, thirteen years in free Poland, and who was born in Prague. Jozef Czapski was&hellip; <a class=\"more-link\" href=\"https:\/\/www.czapski.cz\/index.php\/en\/jozef-czapski-a-native-of-prague-polish-painter-and-writer\/\">Pokra\u010dovat ve\u00a0\u010dten\u00ed <span class=\"screen-reader-text\">J\u00f3zef Czapski: A native of Prague, Polish painter and writer<\/span><\/a><\/p>\n","protected":false},"author":1,"featured_media":58,"parent":0,"menu_order":0,"comment_status":"closed","ping_status":"closed","template":"","meta":{"footnotes":""},"class_list":["post-80","page","type-page","status-publish","has-post-thumbnail","hentry","entry"],"_links":{"self":[{"href":"https:\/\/www.czapski.cz\/index.php\/wp-json\/wp\/v2\/pages\/80","targetHints":{"allow":["GET"]}}],"collection":[{"href":"https:\/\/www.czapski.cz\/index.php\/wp-json\/wp\/v2\/pages"}],"about":[{"href":"https:\/\/www.czapski.cz\/index.php\/wp-json\/wp\/v2\/types\/page"}],"author":[{"embeddable":true,"href":"https:\/\/www.czapski.cz\/index.php\/wp-json\/wp\/v2\/users\/1"}],"replies":[{"embeddable":true,"href":"https:\/\/www.czapski.cz\/index.php\/wp-json\/wp\/v2\/comments?post=80"}],"version-history":[{"count":9,"href":"https:\/\/www.czapski.cz\/index.php\/wp-json\/wp\/v2\/pages\/80\/revisions"}],"predecessor-version":[{"id":354,"href":"https:\/\/www.czapski.cz\/index.php\/wp-json\/wp\/v2\/pages\/80\/revisions\/354"}],"wp:featuredmedia":[{"embeddable":true,"href":"https:\/\/www.czapski.cz\/index.php\/wp-json\/wp\/v2\/media\/58"}],"wp:attachment":[{"href":"https:\/\/www.czapski.cz\/index.php\/wp-json\/wp\/v2\/media?parent=80"}],"curies":[{"name":"wp","href":"https:\/\/api.w.org\/{rel}","templated":true}]}}